{"id":200,"date":"2026-04-26T21:16:09","date_gmt":"2026-04-26T21:16:09","guid":{"rendered":"https:\/\/zonamedicaips.com\/?page_id=200"},"modified":"2026-04-26T22:04:39","modified_gmt":"2026-04-26T22:04:39","slug":"politica-de-calidad","status":"publish","type":"page","link":"https:\/\/zonamedicaips.com\/index.php\/politica-de-calidad\/","title":{"rendered":"Politica de calidad"},"content":{"rendered":"\t\t<div data-elementor-type=\"wp-page\" data-elementor-id=\"200\" class=\"elementor elementor-200\" data-elementor-post-type=\"page\">\n\t\t\t\t<div class=\"elementor-element elementor-element-2cc45e1a e-flex e-con-boxed e-con e-parent\" data-id=\"2cc45e1a\" data-element_type=\"container\" data-e-type=\"container\" data-settings=\"{&quot;background_background&quot;:&quot;classic&quot;}\">\n\t\t\t\t\t<div class=\"e-con-inner\">\n\t\t\t\t<div class=\"elementor-element elementor-element-1a6ca3 elementor-widget elementor-widget-elementskit-heading\" data-id=\"1a6ca3\" data-element_type=\"widget\" data-e-type=\"widget\" data-widget_type=\"elementskit-heading.default\">\n\t\t\t\t\t<div class=\"ekit-wid-con\" ><div class=\"ekit-heading elementskit-section-title-wraper text_center   ekit_heading_tablet-   ekit_heading_mobile-\"><h2 class=\"ekit-heading--title elementskit-section-title \">Pol\u00edtica de Gesti\u00f3n de Calidad y Seguridad y Salud en el Trabajo<\/h2><\/div><\/div>\t\t\t\t<\/div>\n\t\t\t\t\t<\/div>\n\t\t\t\t<\/div>\n\t\t<div class=\"elementor-element elementor-element-775c653 e-flex e-con-boxed e-con e-parent\" data-id=\"775c653\" data-element_type=\"container\" data-e-type=\"container\">\n\t\t\t\t\t<div class=\"e-con-inner\">\n\t\t\t\t<div class=\"elementor-element elementor-element-a6cb63c elementor-widget elementor-widget-text-editor\" data-id=\"a6cb63c\" data-element_type=\"widget\" data-e-type=\"widget\" data-widget_type=\"text-editor.default\">\n\t\t\t\t\t\t\t\t\t<p>\u00a0Somos una Organizaci\u00f3n especializada en Seguridad y Salud en el Trabajo, que presta servicios de salud mediante soluciones integrales a las necesidades de nuestros clientes, con un amplio portafolio de servicios de medicina preventiva, a trav\u00e9s de un equipo humano interdisciplinario especializado y competente, atendiendo los lineamientos de la direcci\u00f3n estrat\u00e9gica, nos comprometemos con:<\/p><ol><li>Una atenci\u00f3n oportuna, con\ufb01able, c\u00f3moda y segura, logrando un servicio de alta calidad y \ufb01delizaci\u00f3n de nuestros clientes.<\/li><li>El cumplimiento de los requisitos legales y reglamentarios aplicables a nuestros servicios y a seguridad y salud en el trabajo.<\/li><li>La mejora continua de nuestro Sistema Integrado de Gesti\u00f3n (SIG) de Calidad, Seguridad y Salud en el Trabajo.<\/li><li>Proporcionar condiciones de trabajo seguras y saludables a los trabajadores sin importar su forma de contrataci\u00f3n, gestionando los peligros biol\u00f3gicos, psicosocial, biomec\u00e1nico y dem\u00e1s identi\ufb01cados en nuestra matriz de peligros<\/li><li>La continua identi\ufb01caci\u00f3n de peligros, evaluaci\u00f3n y valoraci\u00f3n de los riesgos y establecimiento de controles de todos los escenarios de trabajo, que permitan eliminar los peligros y reducir los riesgos de Calidad y Seguridad y Salud en el Trabajo.<\/li><li>Monitorear las condiciones de trabajo y actos de los colaboradores con el objeto de evitar lesiones.<\/li><li>Mantener canales de comunicaci\u00f3n que permitan a todas las partes interesadas la consulta, participaci\u00f3n y entendimiento de los requisitos del SIG.<\/li><\/ol><p>A trav\u00e9s de esta pol\u00edtica, de\ufb01nimos y establecemos los objetivos de nuestro Sistema Integrado de Gesti\u00f3n (SIG) de Calidad, Seguridad y Salud en el Trabajo.\u00a0<\/p><p>\u00a0<\/p><p><strong>Original Firmado<\/strong><br \/><strong>HERNANDO ANDRES MEDINA RODRIGUEZ<\/strong><br \/><strong>Gerente General<\/strong><br \/><strong>ZONAMEDICA MR S.A.S<\/strong><\/p>\t\t\t\t\t\t\t\t<\/div>\n\t\t\t\t\t<\/div>\n\t\t\t\t<\/div>\n\t\t\t\t<\/div>\n\t\t\n    <div class=\"xs_social_share_widget xs_share_url after_content \t\tmain_content  wslu-style-1 wslu-share-box-shaped wslu-fill-colored wslu-none wslu-share-horizontal wslu-theme-font-no wslu-main_content\">\n\n\t\t\n        <ul>\n\t\t\t        <\/ul>\n    <\/div> \n","protected":false},"excerpt":{"rendered":"<p>Pol\u00edtica de Gesti\u00f3n de Calidad y Seguridad y Salud en el Trabajo \u00a0Somos una Organizaci\u00f3n especializada en Seguridad y Salud en el Trabajo, que presta servicios de salud mediante soluciones integrales a las necesidades de nuestros clientes, con un amplio portafolio de servicios de medicina preventiva, a trav\u00e9s de un equipo humano interdisciplinario especializado y [&hellip;]<\/p>\n","protected":false},"author":1,"featured_media":0,"parent":0,"menu_order":0,"comment_status":"closed","ping_status":"closed","template":"elementor_header_footer","meta":{"postBodyCss":"","postBodyMargin":[],"postBodyPadding":[],"postBodyBackground":{"backgroundType":"classic","gradient":""},"footnotes":""},"class_list":["post-200","page","type-page","status-publish","hentry"],"_links":{"self":[{"href":"https:\/\/zonamedicaips.com\/index.php\/wp-json\/wp\/v2\/pages\/200","targetHints":{"allow":["GET"]}}],"collection":[{"href":"https:\/\/zonamedicaips.com\/index.php\/wp-json\/wp\/v2\/pages"}],"about":[{"href":"https:\/\/zonamedicaips.com\/index.php\/wp-json\/wp\/v2\/types\/page"}],"author":[{"embeddable":true,"href":"https:\/\/zonamedicaips.com\/index.php\/wp-json\/wp\/v2\/users\/1"}],"replies":[{"embeddable":true,"href":"https:\/\/zonamedicaips.com\/index.php\/wp-json\/wp\/v2\/comments?post=200"}],"version-history":[{"count":7,"href":"https:\/\/zonamedicaips.com\/index.php\/wp-json\/wp\/v2\/pages\/200\/revisions"}],"predecessor-version":[{"id":219,"href":"https:\/\/zonamedicaips.com\/index.php\/wp-json\/wp\/v2\/pages\/200\/revisions\/219"}],"wp:attachment":[{"href":"https:\/\/zonamedicaips.com\/index.php\/wp-json\/wp\/v2\/media?parent=200"}],"curies":[{"name":"wp","href":"https:\/\/api.w.org\/{rel}","templated":true}]}}